{"id":162,"date":"2025-10-09T12:15:06","date_gmt":"2025-10-09T10:15:06","guid":{"rendered":"https:\/\/cyrielledocquincourt.com\/?page_id=162"},"modified":"2025-10-13T16:26:34","modified_gmt":"2025-10-13T14:26:34","slug":"mentions-legales","status":"publish","type":"page","link":"https:\/\/cyrielledocquincourt.com\/index.php\/mentions-legales\/","title":{"rendered":"Mentions l\u00e9gales"},"content":{"rendered":"<div data-colibri-id=\"162-c1\" class=\"style-457 style-local-162-c1 position-relative\">\n  <!---->\n  <div data-colibri-component=\"section\" data-colibri-id=\"162-c2\" data-aos=\"fadeIn\" id=\"custom\" class=\"h-section h-section-global-spacing d-flex align-items-lg-center align-items-md-center align-items-center style-459 style-local-162-c2 position-relative\">\n    <!---->\n    <!---->\n    <div class=\"h-section-grid-container h-section-boxed-container\">\n      <!---->\n      <div data-colibri-id=\"162-c3\" class=\"h-row-container gutters-row-lg-2 gutters-row-md-2 gutters-row-0 gutters-row-v-lg-2 gutters-row-v-md-2 gutters-row-v-2 style-462 style-local-162-c3 position-relative\">\n        <!---->\n        <div class=\"h-row justify-content-lg-center justify-content-md-center justify-content-center align-items-lg-stretch align-items-md-stretch align-items-stretch gutters-col-lg-2 gutters-col-md-2 gutters-col-0 gutters-col-v-lg-2 gutters-col-v-md-2 gutters-col-v-2\">\n          <!---->\n          <div class=\"h-column h-column-container d-flex h-col-lg-auto h-col-md-auto h-col-auto style-463-outer style-local-162-c4-outer\">\n            <div data-colibri-id=\"162-c4\" class=\"d-flex h-flex-basis h-column__inner h-px-lg-2 h-px-md-2 h-px-2 v-inner-lg-2 v-inner-md-2 v-inner-2 style-463 style-local-162-c4 position-relative\">\n              <!---->\n              <!---->\n              <div class=\"w-100 h-y-container h-column__content h-column__v-align flex-basis-100 align-self-lg-start align-self-md-start align-self-start\">\n                <!---->\n                <div data-colibri-id=\"162-c5\" class=\"h-text h-text-component style-464 style-local-162-c5 position-relative h-element\">\n                  <!---->\n                  <!---->\n                  <div class=\"\">\n                    <p><span style=\"font-family: &quot;Abril Fatface&quot;;\">Madame Cyrielle Docquincourt<\/span><\/p>\n                    <p><span style=\"color: rgb(0, 0, 0); font-family: Arsenal;\">Si\u00e8ge social : 10 Boulevard de l&rsquo;Est 93340 LE RAINCY<\/span><\/p>\n                    <p><span style=\"color: rgb(0, 0, 0); font-family: Arsenal;\">N\u00b0 Siret 895 067 015 00019<br>Code APE 7420Z<\/span><span style=\"color: rgb(0, 0, 0); font-family: Arsenal; font-weight: 500; font-size: medium;\">&nbsp;<\/span><span style=\"color: rgb(0, 0, 0); font-family: Arsenal;\">&#8211; N\u00b0 TVA Intracommunautaire <\/span>\n                      <span\n                        style=\"font-family: Arsenal;\">FR12895067015<\/span>\n                    <\/p>\n                    <p><span style=\"color: rgb(0, 0, 0); font-family: Arsenal;\">T\u00e9l : 06.82.63.93.15 &#8211; Contact :<\/span><span style=\"color: rgb(0, 0, 0); font-family: &quot;Open Sans&quot;;\">&nbsp;<\/span>\n                      <a href=\"mailto:cyrielledoc.studio@gmail.com\" target=\"_blank\"\n                        style=\"color: rgb(0, 0, 0); font-family: &quot;Abril Fatface&quot;; font-weight: 400; font-size: 20px;\" draggable=\"false\">cyrielledoc.studio@gmail.com<\/a>\n                    <\/p>\n                    <h3><span style=\"color: rgb(0, 0, 0); font-family: Arsenal;\">H\u00e9bergement<\/span><\/h3>\n                    <p><span style=\"color: rgb(0, 0, 0); font-family: Arsenal;\">OVH &#8211; 2 Rue Kellermann &#8211; 59100 ROUBAIX France<\/span><\/p>\n                    <p><span style=\"color: rgb(0, 0, 0); font-family: Arsenal;\">T\u00e9l : 08.20.69.87.65<\/span><\/p>\n                    <p><span style=\"color: rgb(0, 0, 0); font-family: Arsenal;\">Responsable de la publication : Madame DOCQUINCOURT Cyrielle &#8211; 06.82.63.93.15 &#8211;<\/span><span style=\"color: rgb(0, 0, 0); font-family: &quot;Open Sans&quot;;\"> <\/span>\n                      <a href=\"mailto:cyrielledoc.studio@gmail.com\"\n                        target=\"_blank\" style=\"color: rgb(0, 0, 0); font-family: &quot;Abril Fatface&quot;;\" draggable=\"false\">cyrielledoc.studio@gmail.com<\/a>\n                    <\/p>\n                    <h3><span style=\"color: rgb(0, 0, 0); font-family: Arsenal;\">Droits d\u2019auteur<\/span><\/h3>\n                    <p><span style=\"color: rgb(0, 0, 0); font-family: Arsenal;\">Les droits d\u2019auteur attach\u00e9s \u00e0 tout contenu fourni sur ce site web appartiennent \u00e0<\/span><span style=\"color: rgb(0, 0, 0); font-family: &quot;Open Sans&quot;;\"> <\/span>\n                      <span\n                        style=\"color: rgb(0, 0, 0); font-family: &quot;Abril Fatface&quot;; font-size: 20px; font-weight: 400;\">Madame Cyrielle Docquincourt<\/span><span style=\"color: rgb(0, 0, 0); font-family: &quot;Open Sans&quot;;\"> <\/span><span style=\"color: rgb(0, 0, 0); font-family: Arsenal;\">ou au propri\u00e9taire tiers du contenu. Sous r\u00e9serve des stipulations pr\u00e9sentes, aucun contenu de ce site Web ne peut \u00eatre copi\u00e9, reproduit, distribu\u00e9, republi\u00e9, t\u00e9l\u00e9charg\u00e9, affich\u00e9, mis en ligne ni transmis sous quelque forme et de quelque mani\u00e8re que ce soit, y compris notamment sous forme \u00e9lectronique, photocopie m\u00e9canique, enregistrement ou autre sans l\u2019autorisation \u00e9crite pr\u00e9alable de<\/span>\n                        <span\n                          style=\"color: rgb(0, 0, 0); font-family: &quot;Open Sans&quot;;\"> <\/span><span style=\"color: rgb(0, 0, 0); font-family: &quot;Abril Fatface&quot;; font-size: 20px; font-weight: 400;\">Madame Cyrielle Docquincourt<\/span><span style=\"color: rgb(0, 0, 0); font-family: &quot;Open Sans&quot;;\"> <\/span>\n                          <span\n                            style=\"color: rgb(0, 0, 0); font-family: Arsenal;\">ou du propri\u00e9taire tiers du contenu. L\u2019utilisation non autoris\u00e9e d\u2019un contenu de ce site peut constituer une violation des lois relatives aux droits d\u2019auteur, aux r\u00e9glementations relatives \u00e0 la confidentialit\u00e9 et \u00e0 la publicit\u00e9\n                            et aux lois et r\u00e9glementations r\u00e9gissant les communications ainsi que toutes autres lois nationales et locales.<\/span>\n                    <\/p>\n                    <h3><span style=\"color: rgb(0, 0, 0); font-family: Arsenal;\">Traitement des donn\u00e9es personnelles<\/span><\/h3>\n                    <p><span style=\"font-family: Arsenal;\">Conform\u00e9ment \u00e0 la loi Informatique et Libert\u00e9s du 6 janvier 1978, vous disposez aupr\u00e8s de&nbsp;<\/span><span style=\"color: rgb(0, 0, 0); font-family: &quot;Abril Fatface&quot;; font-size: 20px; font-weight: 400;\">Madame Cyrielle Docquincourt<\/span>\n                      <span\n                        style=\"font-family: Arsenal;\"> d\u2019un droit d\u2019acc\u00e8s, de rectification ou de suppression concernant les donn\u00e9es personnelles que nous pourrions \u00eatre amen\u00e9s \u00e0 recueillir. Ces donn\u00e9es sont celles que vous aurez volontairement enregistr\u00e9es lors de demandes d\u2019information\n                        comme par exemple le nom, le pr\u00e9nom, l&rsquo;adresse mail lors de quizz ou lors de l&rsquo;envoi de newsletters. Aucune information personnelle vous concernant n\u2019est c\u00e9d\u00e9e \u00e0 des tiers ou utilis\u00e9e \u00e0 des fins non pr\u00e9vues.<\/span>\n                    <\/p>\n                  <\/div>\n                <\/div>\n              <\/div>\n            <\/div>\n          <\/div>\n        <\/div>\n      <\/div>\n    <\/div>\n  <\/div>\n<\/div>","protected":false},"excerpt":{"rendered":"<p>Madame Cyrielle Docquincourt Si\u00e8ge social : 10 Boulevard de l&rsquo;Est 93340 LE RAINCY N\u00b0 Siret 895 067 015 00019Code APE 7420Z&nbsp;&#8211; N\u00b0 TVA Intracommunautaire FR12895067015 T\u00e9l : 06.82.63.93.15 &#8211; Contact :&nbsp; cyrielledoc.studio@gmail.com H\u00e9bergement OVH &#8211; 2 Rue Kellermann &#8211; 59100 ROUBAIX France T\u00e9l : 08.20.69.87.65 Responsable de la publication : Madame DOCQUINCOURT Cyrielle &#8211; 06.82.63.93.15 [&hellip;]<\/p>\n","protected":false},"author":1,"featured_media":0,"parent":0,"menu_order":0,"comment_status":"closed","ping_status":"closed","template":"page-templates\/full-width-page.php","meta":{"footnotes":""},"class_list":["post-162","page","type-page","status-publish","hentry"],"yoast_head":"<!-- This site is optimized with the Yoast SEO plugin v26.1.1 - https:\/\/yoast.com\/wordpress\/plugins\/seo\/ -->\n<title>Mentions l\u00e9gales - Cyrielle Docquincourt<\/title>\n<meta name=\"robots\" content=\"index, follow, max-snippet:-1, max-image-preview:large, max-video-preview:-1\" \/>\n<link rel=\"canonical\" href=\"https:\/\/cyrielledocquincourt.com\/index.php\/mentions-legales\/\" \/>\n<meta property=\"og:locale\" content=\"fr_FR\" \/>\n<meta property=\"og:type\" content=\"article\" \/>\n<meta property=\"og:title\" content=\"Mentions l\u00e9gales - Cyrielle Docquincourt\" \/>\n<meta property=\"og:description\" content=\"Madame Cyrielle Docquincourt Si\u00e8ge social : 10 Boulevard de l&rsquo;Est 93340 LE RAINCY N\u00b0 Siret 895 067 015 00019Code APE 7420Z&nbsp;&#8211; N\u00b0 TVA Intracommunautaire FR12895067015 T\u00e9l : 06.82.63.93.15 &#8211; Contact :&nbsp; cyrielledoc.studio@gmail.com H\u00e9bergement OVH &#8211; 2 Rue Kellermann &#8211; 59100 ROUBAIX France T\u00e9l : 08.20.69.87.65 Responsable de la publication : Madame DOCQUINCOURT Cyrielle &#8211; 06.82.63.93.15 [&hellip;]\" \/>\n<meta property=\"og:url\" content=\"https:\/\/cyrielledocquincourt.com\/index.php\/mentions-legales\/\" \/>\n<meta property=\"og:site_name\" content=\"Cyrielle Docquincourt\" \/>\n<meta property=\"article:publisher\" content=\"https:\/\/www.facebook.com\/cyrielle.docquincourt\" \/>\n<meta property=\"article:modified_time\" content=\"2025-10-13T14:26:34+00:00\" \/>\n<meta name=\"twitter:card\" content=\"summary_large_image\" \/>\n<script type=\"application\/ld+json\" class=\"yoast-schema-graph\">{\"@context\":\"https:\/\/schema.org\",\"@graph\":[{\"@type\":\"WebPage\",\"@id\":\"https:\/\/cyrielledocquincourt.com\/index.php\/mentions-legales\/\",\"url\":\"https:\/\/cyrielledocquincourt.com\/index.php\/mentions-legales\/\",\"name\":\"Mentions l\u00e9gales - Cyrielle Docquincourt\",\"isPartOf\":{\"@id\":\"https:\/\/cyrielledocquincourt.com\/#website\"},\"datePublished\":\"2025-10-09T10:15:06+00:00\",\"dateModified\":\"2025-10-13T14:26:34+00:00\",\"breadcrumb\":{\"@id\":\"https:\/\/cyrielledocquincourt.com\/index.php\/mentions-legales\/#breadcrumb\"},\"inLanguage\":\"fr-FR\",\"potentialAction\":[{\"@type\":\"ReadAction\",\"target\":[\"https:\/\/cyrielledocquincourt.com\/index.php\/mentions-legales\/\"]}]},{\"@type\":\"BreadcrumbList\",\"@id\":\"https:\/\/cyrielledocquincourt.com\/index.php\/mentions-legales\/#breadcrumb\",\"itemListElement\":[{\"@type\":\"ListItem\",\"position\":1,\"name\":\"Accueil\",\"item\":\"https:\/\/cyrielledocquincourt.com\/\"},{\"@type\":\"ListItem\",\"position\":2,\"name\":\"Mentions l\u00e9gales\"}]},{\"@type\":\"WebSite\",\"@id\":\"https:\/\/cyrielledocquincourt.com\/#website\",\"url\":\"https:\/\/cyrielledocquincourt.com\/\",\"name\":\"cyrielledocquincourt\",\"description\":\"Photographe ind\u00e9pendante\",\"publisher\":{\"@id\":\"https:\/\/cyrielledocquincourt.com\/#organization\"},\"potentialAction\":[{\"@type\":\"SearchAction\",\"target\":{\"@type\":\"EntryPoint\",\"urlTemplate\":\"https:\/\/cyrielledocquincourt.com\/?s={search_term_string}\"},\"query-input\":{\"@type\":\"PropertyValueSpecification\",\"valueRequired\":true,\"valueName\":\"search_term_string\"}}],\"inLanguage\":\"fr-FR\"},{\"@type\":\"Organization\",\"@id\":\"https:\/\/cyrielledocquincourt.com\/#organization\",\"name\":\"Cyrielle Docquincourt\",\"url\":\"https:\/\/cyrielledocquincourt.com\/\",\"logo\":{\"@type\":\"ImageObject\",\"inLanguage\":\"fr-FR\",\"@id\":\"https:\/\/cyrielledocquincourt.com\/#\/schema\/logo\/image\/\",\"url\":\"https:\/\/cyrielledocquincourt.com\/wp-content\/uploads\/2025\/10\/cropped-LOGO-CD-STUDIO.png\",\"contentUrl\":\"https:\/\/cyrielledocquincourt.com\/wp-content\/uploads\/2025\/10\/cropped-LOGO-CD-STUDIO.png\",\"width\":698,\"height\":698,\"caption\":\"Cyrielle Docquincourt\"},\"image\":{\"@id\":\"https:\/\/cyrielledocquincourt.com\/#\/schema\/logo\/image\/\"},\"sameAs\":[\"https:\/\/www.facebook.com\/cyrielle.docquincourt\",\"https:\/\/www.instagram.com\/cyrielledocquincourt\/?hl=fr\",\"https:\/\/www.linkedin.com\/in\/cyrielle-docquincourt\/\"]}]}<\/script>\n<!-- \/ Yoast SEO plugin. -->","yoast_head_json":{"title":"Mentions l\u00e9gales - Cyrielle Docquincourt","robots":{"index":"index","follow":"follow","max-snippet":"max-snippet:-1","max-image-preview":"max-image-preview:large","max-video-preview":"max-video-preview:-1"},"canonical":"https:\/\/cyrielledocquincourt.com\/index.php\/mentions-legales\/","og_locale":"fr_FR","og_type":"article","og_title":"Mentions l\u00e9gales - Cyrielle Docquincourt","og_description":"Madame Cyrielle Docquincourt Si\u00e8ge social : 10 Boulevard de l&rsquo;Est 93340 LE RAINCY N\u00b0 Siret 895 067 015 00019Code APE 7420Z&nbsp;&#8211; N\u00b0 TVA Intracommunautaire FR12895067015 T\u00e9l : 06.82.63.93.15 &#8211; Contact :&nbsp; cyrielledoc.studio@gmail.com H\u00e9bergement OVH &#8211; 2 Rue Kellermann &#8211; 59100 ROUBAIX France T\u00e9l : 08.20.69.87.65 Responsable de la publication : Madame DOCQUINCOURT Cyrielle &#8211; 06.82.63.93.15 [&hellip;]","og_url":"https:\/\/cyrielledocquincourt.com\/index.php\/mentions-legales\/","og_site_name":"Cyrielle Docquincourt","article_publisher":"https:\/\/www.facebook.com\/cyrielle.docquincourt","article_modified_time":"2025-10-13T14:26:34+00:00","twitter_card":"summary_large_image","schema":{"@context":"https:\/\/schema.org","@graph":[{"@type":"WebPage","@id":"https:\/\/cyrielledocquincourt.com\/index.php\/mentions-legales\/","url":"https:\/\/cyrielledocquincourt.com\/index.php\/mentions-legales\/","name":"Mentions l\u00e9gales - Cyrielle Docquincourt","isPartOf":{"@id":"https:\/\/cyrielledocquincourt.com\/#website"},"datePublished":"2025-10-09T10:15:06+00:00","dateModified":"2025-10-13T14:26:34+00:00","breadcrumb":{"@id":"https:\/\/cyrielledocquincourt.com\/index.php\/mentions-legales\/#breadcrumb"},"inLanguage":"fr-FR","potentialAction":[{"@type":"ReadAction","target":["https:\/\/cyrielledocquincourt.com\/index.php\/mentions-legales\/"]}]},{"@type":"BreadcrumbList","@id":"https:\/\/cyrielledocquincourt.com\/index.php\/mentions-legales\/#breadcrumb","itemListElement":[{"@type":"ListItem","position":1,"name":"Accueil","item":"https:\/\/cyrielledocquincourt.com\/"},{"@type":"ListItem","position":2,"name":"Mentions l\u00e9gales"}]},{"@type":"WebSite","@id":"https:\/\/cyrielledocquincourt.com\/#website","url":"https:\/\/cyrielledocquincourt.com\/","name":"cyrielledocquincourt","description":"Photographe ind\u00e9pendante","publisher":{"@id":"https:\/\/cyrielledocquincourt.com\/#organization"},"potentialAction":[{"@type":"SearchAction","target":{"@type":"EntryPoint","urlTemplate":"https:\/\/cyrielledocquincourt.com\/?s={search_term_string}"},"query-input":{"@type":"PropertyValueSpecification","valueRequired":true,"valueName":"search_term_string"}}],"inLanguage":"fr-FR"},{"@type":"Organization","@id":"https:\/\/cyrielledocquincourt.com\/#organization","name":"Cyrielle Docquincourt","url":"https:\/\/cyrielledocquincourt.com\/","logo":{"@type":"ImageObject","inLanguage":"fr-FR","@id":"https:\/\/cyrielledocquincourt.com\/#\/schema\/logo\/image\/","url":"https:\/\/cyrielledocquincourt.com\/wp-content\/uploads\/2025\/10\/cropped-LOGO-CD-STUDIO.png","contentUrl":"https:\/\/cyrielledocquincourt.com\/wp-content\/uploads\/2025\/10\/cropped-LOGO-CD-STUDIO.png","width":698,"height":698,"caption":"Cyrielle Docquincourt"},"image":{"@id":"https:\/\/cyrielledocquincourt.com\/#\/schema\/logo\/image\/"},"sameAs":["https:\/\/www.facebook.com\/cyrielle.docquincourt","https:\/\/www.instagram.com\/cyrielledocquincourt\/?hl=fr","https:\/\/www.linkedin.com\/in\/cyrielle-docquincourt\/"]}]}},"_links":{"self":[{"href":"https:\/\/cyrielledocquincourt.com\/index.php\/wp-json\/wp\/v2\/pages\/162","targetHints":{"allow":["GET"]}}],"collection":[{"href":"https:\/\/cyrielledocquincourt.com\/index.php\/wp-json\/wp\/v2\/pages"}],"about":[{"href":"https:\/\/cyrielledocquincourt.com\/index.php\/wp-json\/wp\/v2\/types\/page"}],"author":[{"embeddable":true,"href":"https:\/\/cyrielledocquincourt.com\/index.php\/wp-json\/wp\/v2\/users\/1"}],"replies":[{"embeddable":true,"href":"https:\/\/cyrielledocquincourt.com\/index.php\/wp-json\/wp\/v2\/comments?post=162"}],"version-history":[{"count":12,"href":"https:\/\/cyrielledocquincourt.com\/index.php\/wp-json\/wp\/v2\/pages\/162\/revisions"}],"predecessor-version":[{"id":643,"href":"https:\/\/cyrielledocquincourt.com\/index.php\/wp-json\/wp\/v2\/pages\/162\/revisions\/643"}],"wp:attachment":[{"href":"https:\/\/cyrielledocquincourt.com\/index.php\/wp-json\/wp\/v2\/media?parent=162"}],"curies":[{"name":"wp","href":"https:\/\/api.w.org\/{rel}","templated":true}]}}